{"id":4695,"date":"2020-10-12T14:06:50","date_gmt":"2020-10-12T13:06:50","guid":{"rendered":"https:\/\/www.cordocobre.com\/es\/?post_type=product&#038;p=4695"},"modified":"2026-01-19T23:04:27","modified_gmt":"2026-01-19T22:04:27","slug":"adica-b4","status":"publish","type":"product","link":"https:\/\/www.cordocobre.com\/pt\/shop\/earrings\/adica\/adica-b4\/","title":{"rendered":"Adi\u00e7a b4"},"content":{"rendered":"","protected":false},"excerpt":{"rendered":"<table class=\"woocommerce-product-attributes shop_attributes\">\n<tbody>\n<tr class=\"woocommerce-product-attributes-item \">\n<th class=\"woocommerce-product-attributes-item__label\">Base<\/th>\n<td class=\"woocommerce-product-attributes-item__value\">Lat\u00e3o cor de Prata, Fecho de press\u00e3o, espig\u00e3o 6mm<\/td>\n<\/tr>\n<tr class=\"woocommerce-product-attributes-item woocommerce-product-attributes-item--weight\">\n<th class=\"woocommerce-product-attributes-item__label\">Peso<\/th>\n<td class=\"woocommerce-product-attributes-item__value\">6 g<\/td>\n<\/tr>\n<tr class=\"woocommerce-product-attributes-item woocommerce-product-attributes-item--dimensions\">\n<th class=\"woocommerce-product-attributes-item__label\">Dimens\u00f5es (Largura x Altura)<\/th>\n<td class=\"woocommerce-product-attributes-item__value\">2.5 \u00d7 2.5 cm<\/td>\n<\/tr>\n<tr class=\"woocommerce-product-attributes-item\">\n<th class=\"woocommerce-product-attributes-item__label\">Sem N\u00edquel<\/th>\n<\/tr>\n<\/tbody>\n<\/table>\n","protected":false},"featured_media":4548,"template":"","meta":[],"product_brand":[],"product_cat":[67,136],"product_tag":[],"class_list":{"0":"post-4695","1":"product","2":"type-product","3":"status-publish","4":"has-post-thumbnail","6":"product_cat-earrings","7":"product_cat-adica","9":"first","10":"instock","11":"purchasable","12":"product-type-simple"},"yoast_head":"<!-- This site is optimized with the Yoast SEO plugin v25.5 - https:\/\/yoast.com\/wordpress\/plugins\/seo\/ -->\n<title>Adi\u00e7a b4 | Cor do Cobre<\/title>\n<meta name=\"robots\" content=\"index, follow, max-snippet:-1, max-image-preview:large, max-video-preview:-1\" \/>\n<link rel=\"canonical\" href=\"https:\/\/www.cordocobre.com\/pt\/shop\/earrings\/adica\/adica-b4\/\" \/>\n<meta property=\"og:locale\" content=\"pt_PT\" \/>\n<meta property=\"og:locale:alternate\" content=\"en_GB\" \/>\n<meta property=\"og:locale:alternate\" content=\"es_ES\" \/>\n<meta property=\"og:type\" content=\"article\" \/>\n<meta property=\"og:title\" content=\"Adi\u00e7a b4\" \/>\n<meta property=\"og:description\" content=\"Base Lat\u00e3o cor de Prata, Fecho de press\u00e3o, espig\u00e3o 6mm   Peso 6 g   Dimens\u00f5es (Largura x Altura) 2.5 \u00d7 2.5 cm   Sem N\u00edquel\" \/>\n<meta property=\"og:url\" content=\"https:\/\/www.cordocobre.com\/pt\/shop\/earrings\/adica\/adica-b4\/\" \/>\n<meta property=\"og:site_name\" content=\"Cor do Cobre\" \/>\n<meta property=\"article:publisher\" content=\"https:\/\/www.facebook.com\/CorDoCobre\" \/>\n<meta property=\"article:modified_time\" content=\"2026-01-19T22:04:27+00:00\" \/>\n<meta property=\"og:image\" content=\"https:\/\/www.cordocobre.com\/wp-content\/uploads\/2020\/10\/brinco-01.jpg\" \/>\n\t<meta property=\"og:image:width\" content=\"850\" \/>\n\t<meta property=\"og:image:height\" content=\"850\" \/>\n\t<meta property=\"og:image:type\" content=\"image\/jpeg\" \/>\n<meta name=\"twitter:card\" content=\"summary_large_image\" \/>\n<script type=\"application\/ld+json\" class=\"yoast-schema-graph\">{\"@context\":\"https:\/\/schema.org\",\"@graph\":[{\"@type\":\"WebPage\",\"@id\":\"https:\/\/www.cordocobre.com\/shop\/earrings\/adica\/adica-b4\/\",\"url\":\"https:\/\/www.cordocobre.com\/shop\/earrings\/adica\/adica-b4\/\",\"name\":\"Adi\u00e7a b4\",\"isPartOf\":{\"@id\":\"https:\/\/www.cordocobre.com\/#website\"},\"primaryImageOfPage\":{\"@id\":\"https:\/\/www.cordocobre.com\/shop\/earrings\/adica\/adica-b4\/#primaryimage\"},\"image\":{\"@id\":\"https:\/\/www.cordocobre.com\/shop\/earrings\/adica\/adica-b4\/#primaryimage\"},\"thumbnailUrl\":\"https:\/\/www.cordocobre.com\/wp-content\/uploads\/2020\/10\/brinco-01.jpg\",\"datePublished\":\"2020-10-12T13:06:50+00:00\",\"dateModified\":\"2026-01-19T22:04:27+00:00\",\"breadcrumb\":{\"@id\":\"https:\/\/www.cordocobre.com\/shop\/earrings\/adica\/adica-b4\/#breadcrumb\"},\"inLanguage\":\"pt-PT\",\"potentialAction\":[{\"@type\":\"ReadAction\",\"target\":[\"https:\/\/www.cordocobre.com\/shop\/earrings\/adica\/adica-b4\/\"]}]},{\"@type\":\"ImageObject\",\"inLanguage\":\"pt-PT\",\"@id\":\"https:\/\/www.cordocobre.com\/shop\/earrings\/adica\/adica-b4\/#primaryimage\",\"url\":\"https:\/\/www.cordocobre.com\/wp-content\/uploads\/2020\/10\/brinco-01.jpg\",\"contentUrl\":\"https:\/\/www.cordocobre.com\/wp-content\/uploads\/2020\/10\/brinco-01.jpg\",\"width\":850,\"height\":850,\"caption\":\"adi\u00e7a b6\"},{\"@type\":\"BreadcrumbList\",\"@id\":\"https:\/\/www.cordocobre.com\/shop\/earrings\/adica\/adica-b4\/#breadcrumb\",\"itemListElement\":[{\"@type\":\"ListItem\",\"position\":1,\"name\":\"In\u00edcio\",\"item\":\"https:\/\/www.cordocobre.com\/es\/\"},{\"@type\":\"ListItem\",\"position\":2,\"name\":\"Shop\",\"item\":\"https:\/\/www.cordocobre.com\/shop\/\"},{\"@type\":\"ListItem\",\"position\":3,\"name\":\"Adi\u00e7a b4\"}]},{\"@type\":\"WebSite\",\"@id\":\"https:\/\/www.cordocobre.com\/#website\",\"url\":\"https:\/\/www.cordocobre.com\/\",\"name\":\"Cor do Cobre\",\"description\":\"copper enamel colorful jewelery\",\"publisher\":{\"@id\":\"https:\/\/www.cordocobre.com\/#organization\"},\"potentialAction\":[{\"@type\":\"SearchAction\",\"target\":{\"@type\":\"EntryPoint\",\"urlTemplate\":\"https:\/\/www.cordocobre.com\/?s={search_term_string}\"},\"query-input\":{\"@type\":\"PropertyValueSpecification\",\"valueRequired\":true,\"valueName\":\"search_term_string\"}}],\"inLanguage\":\"pt-PT\"},{\"@type\":\"Organization\",\"@id\":\"https:\/\/www.cordocobre.com\/#organization\",\"name\":\"Cor do Cobre | Enamel Jewerelly\",\"url\":\"https:\/\/www.cordocobre.com\/\",\"logo\":{\"@type\":\"ImageObject\",\"inLanguage\":\"pt-PT\",\"@id\":\"https:\/\/www.cordocobre.com\/#\/schema\/logo\/image\/\",\"url\":\"https:\/\/i1.wp.com\/www.cordocobre.com\/wp-content\/uploads\/2020\/07\/Cor-do-Cobre-logo.jpg?fit=924%2C926&ssl=1\",\"contentUrl\":\"https:\/\/i1.wp.com\/www.cordocobre.com\/wp-content\/uploads\/2020\/07\/Cor-do-Cobre-logo.jpg?fit=924%2C926&ssl=1\",\"width\":924,\"height\":926,\"caption\":\"Cor do Cobre | Enamel Jewerelly\"},\"image\":{\"@id\":\"https:\/\/www.cordocobre.com\/#\/schema\/logo\/image\/\"},\"sameAs\":[\"https:\/\/www.facebook.com\/CorDoCobre\",\"https:\/\/www.instagram.com\/cordocobre\/\",\"https:\/\/www.pinterest.pt\/cordocobre\"]}]}<\/script>\n<!-- \/ Yoast SEO plugin. -->","yoast_head_json":{"title":"Adi\u00e7a b4 | Cor do Cobre","robots":{"index":"index","follow":"follow","max-snippet":"max-snippet:-1","max-image-preview":"max-image-preview:large","max-video-preview":"max-video-preview:-1"},"canonical":"https:\/\/www.cordocobre.com\/pt\/shop\/earrings\/adica\/adica-b4\/","og_locale":"pt_PT","og_type":"article","og_title":"[:en]Adi\u00e7a b4[:pt]Adi\u00e7a b4[:es]Adi\u00e7a b4[:] | Cor do Cobre","og_description":"Base Lat\u00e3o cor de Prata, Fecho de press\u00e3o, espig\u00e3o 6mm   Peso 6 g   Dimens\u00f5es (Largura x Altura) 2.5 \u00d7 2.5 cm   Sem N\u00edquel","og_url":"https:\/\/www.cordocobre.com\/pt\/shop\/earrings\/adica\/adica-b4\/","og_site_name":"Cor do Cobre","article_publisher":"https:\/\/www.facebook.com\/CorDoCobre","article_modified_time":"2026-01-19T22:04:27+00:00","og_image":[{"width":850,"height":850,"url":"https:\/\/www.cordocobre.com\/wp-content\/uploads\/2020\/10\/brinco-01.jpg","type":"image\/jpeg"}],"twitter_card":"summary_large_image","schema":{"@context":"https:\/\/schema.org","@graph":[{"@type":"WebPage","@id":"https:\/\/www.cordocobre.com\/shop\/earrings\/adica\/adica-b4\/","url":"https:\/\/www.cordocobre.com\/shop\/earrings\/adica\/adica-b4\/","name":"Adi\u00e7a b4","isPartOf":{"@id":"https:\/\/www.cordocobre.com\/#website"},"primaryImageOfPage":{"@id":"https:\/\/www.cordocobre.com\/shop\/earrings\/adica\/adica-b4\/#primaryimage"},"image":{"@id":"https:\/\/www.cordocobre.com\/shop\/earrings\/adica\/adica-b4\/#primaryimage"},"thumbnailUrl":"https:\/\/www.cordocobre.com\/wp-content\/uploads\/2020\/10\/brinco-01.jpg","datePublished":"2020-10-12T13:06:50+00:00","dateModified":"2026-01-19T22:04:27+00:00","breadcrumb":{"@id":"https:\/\/www.cordocobre.com\/shop\/earrings\/adica\/adica-b4\/#breadcrumb"},"inLanguage":"pt-PT","potentialAction":[{"@type":"ReadAction","target":["https:\/\/www.cordocobre.com\/shop\/earrings\/adica\/adica-b4\/"]}]},{"@type":"ImageObject","inLanguage":"pt-PT","@id":"https:\/\/www.cordocobre.com\/shop\/earrings\/adica\/adica-b4\/#primaryimage","url":"https:\/\/www.cordocobre.com\/wp-content\/uploads\/2020\/10\/brinco-01.jpg","contentUrl":"https:\/\/www.cordocobre.com\/wp-content\/uploads\/2020\/10\/brinco-01.jpg","width":850,"height":850,"caption":"adi\u00e7a b6"},{"@type":"BreadcrumbList","@id":"https:\/\/www.cordocobre.com\/shop\/earrings\/adica\/adica-b4\/#breadcrumb","itemListElement":[{"@type":"ListItem","position":1,"name":"In\u00edcio","item":"https:\/\/www.cordocobre.com\/es\/"},{"@type":"ListItem","position":2,"name":"Shop","item":"https:\/\/www.cordocobre.com\/shop\/"},{"@type":"ListItem","position":3,"name":"Adi\u00e7a b4"}]},{"@type":"WebSite","@id":"https:\/\/www.cordocobre.com\/#website","url":"https:\/\/www.cordocobre.com\/","name":"Cor do Cobre","description":"copper enamel colorful jewelery","publisher":{"@id":"https:\/\/www.cordocobre.com\/#organization"},"potentialAction":[{"@type":"SearchAction","target":{"@type":"EntryPoint","urlTemplate":"https:\/\/www.cordocobre.com\/?s={search_term_string}"},"query-input":{"@type":"PropertyValueSpecification","valueRequired":true,"valueName":"search_term_string"}}],"inLanguage":"pt-PT"},{"@type":"Organization","@id":"https:\/\/www.cordocobre.com\/#organization","name":"Cor do Cobre | Enamel Jewerelly","url":"https:\/\/www.cordocobre.com\/","logo":{"@type":"ImageObject","inLanguage":"pt-PT","@id":"https:\/\/www.cordocobre.com\/#\/schema\/logo\/image\/","url":"https:\/\/i1.wp.com\/www.cordocobre.com\/wp-content\/uploads\/2020\/07\/Cor-do-Cobre-logo.jpg?fit=924%2C926&ssl=1","contentUrl":"https:\/\/i1.wp.com\/www.cordocobre.com\/wp-content\/uploads\/2020\/07\/Cor-do-Cobre-logo.jpg?fit=924%2C926&ssl=1","width":924,"height":926,"caption":"Cor do Cobre | Enamel Jewerelly"},"image":{"@id":"https:\/\/www.cordocobre.com\/#\/schema\/logo\/image\/"},"sameAs":["https:\/\/www.facebook.com\/CorDoCobre","https:\/\/www.instagram.com\/cordocobre\/","https:\/\/www.pinterest.pt\/cordocobre"]}]}},"_links":{"self":[{"href":"https:\/\/www.cordocobre.com\/pt\/wp-json\/wp\/v2\/product\/4695","targetHints":{"allow":["GET"]}}],"collection":[{"href":"https:\/\/www.cordocobre.com\/pt\/wp-json\/wp\/v2\/product"}],"about":[{"href":"https:\/\/www.cordocobre.com\/pt\/wp-json\/wp\/v2\/types\/product"}],"wp:featuredmedia":[{"embeddable":true,"href":"https:\/\/www.cordocobre.com\/pt\/wp-json\/wp\/v2\/media\/4548"}],"wp:attachment":[{"href":"https:\/\/www.cordocobre.com\/pt\/wp-json\/wp\/v2\/media?parent=4695"}],"wp:term":[{"taxonomy":"product_brand","embeddable":true,"href":"https:\/\/www.cordocobre.com\/pt\/wp-json\/wp\/v2\/product_brand?post=4695"},{"taxonomy":"product_cat","embeddable":true,"href":"https:\/\/www.cordocobre.com\/pt\/wp-json\/wp\/v2\/product_cat?post=4695"},{"taxonomy":"product_tag","embeddable":true,"href":"https:\/\/www.cordocobre.com\/pt\/wp-json\/wp\/v2\/product_tag?post=4695"}],"curies":[{"name":"wp","href":"https:\/\/api.w.org\/{rel}","templated":true}]}}